{"id":647,"date":"2023-08-26T23:05:12","date_gmt":"2023-08-26T21:05:12","guid":{"rendered":"https:\/\/arquim3dx.com\/?page_id=647"},"modified":"2023-09-02T19:31:18","modified_gmt":"2023-09-02T17:31:18","slug":"caso-1","status":"publish","type":"page","link":"https:\/\/arquim3dx.com\/index.php\/caso-1\/","title":{"rendered":"Caso 1"},"content":{"rendered":"<p>Advertencia: debido a que el TC o RM se procesan en el dispositivo desde el que est\u00e1 visualizando esta web, dependiendo de \u00e9ste la carga inicial puede demorarse de unos segundos a alg\u00fan minuto.<\/p>\n\n\n<div class=\"wp-block-columns is-layout-flex wp-container-4 wp-block-columns-is-layout-flex\">\n<div class=\"wp-block-column is-layout-flow wp-block-column-is-layout-flow\">\n<h2 style=\"text-align: center;\">Sagital T2<\/h2>\n<\/div>\n\n\n\n<div class=\"wp-block-column is-layout-flow wp-block-column-is-layout-flow\">\n<h2 style=\"text-align: center;\">Sagital STIR<\/h2>\n<\/div>\n\n\n\n<div class=\"wp-block-column is-layout-flow wp-block-column-is-layout-flow\">\n<h2 style=\"text-align: center;\">Sagital T1<\/h2>\n<\/div>\n<\/div>\n\n\n\n<div class=\"wp-block-columns is-layout-flex wp-container-8 wp-block-columns-is-layout-flex\">\n<div class=\"wp-block-column is-layout-flow wp-block-column-is-layout-flow\">\n<div class=\"wp-block-dicomsupport-dcm\">\n    <!-- Main container div -->\n    <div id=\"dwv-69df234f8bb4f\" class=\"dwv\" >\n      <!-- Toolbar -->\n      <div id=\"toolbar-69df234f8bb4f\" class=\"toolbar\"><\/div>\n      <!-- Layer Container -->\n      <div id=\"layerGroup-69df234f8bb4f\" class=\"layerGroup\">\n      <\/div>\n    <\/div><!-- \/dwv -->\n    <\/div>\n<\/div>\n\n\n\n<div class=\"wp-block-column is-layout-flow wp-block-column-is-layout-flow\">\n<div class=\"wp-block-dicomsupport-dcm\">\n    <!-- Main container div -->\n    <div id=\"dwv-69df234f8d51c\" class=\"dwv\" >\n      <!-- Toolbar -->\n      <div id=\"toolbar-69df234f8d51c\" class=\"toolbar\"><\/div>\n      <!-- Layer Container -->\n      <div id=\"layerGroup-69df234f8d51c\" class=\"layerGroup\">\n      <\/div>\n    <\/div><!-- \/dwv -->\n    <\/div>\n<\/div>\n\n\n\n<div class=\"wp-block-column is-layout-flow wp-block-column-is-layout-flow\">\n<div class=\"wp-block-dicomsupport-dcm\">\n    <!-- Main container div -->\n    <div id=\"dwv-69df234f8ebe1\" class=\"dwv\" >\n      <!-- Toolbar -->\n      <div id=\"toolbar-69df234f8ebe1\" class=\"toolbar\"><\/div>\n      <!-- Layer Container -->\n      <div id=\"layerGroup-69df234f8ebe1\" class=\"layerGroup\">\n      <\/div>\n    <\/div><!-- \/dwv -->\n    <\/div>\n<\/div>\n<\/div>\n\n\n\n<div class=\"wp-block-columns is-layout-flex wp-container-10 wp-block-columns-is-layout-flex\">\n<div class=\"wp-block-column is-layout-flow wp-block-column-is-layout-flow\">\n<h2 style=\"text-align: center;\">Axial T2<\/h2>\n<\/div>\n<\/div>\n\n\n\n<div class=\"wp-block-columns is-layout-flex wp-container-12 wp-block-columns-is-layout-flex\">\n<div class=\"wp-block-column is-layout-flow wp-block-column-is-layout-flow\">\n<div class=\"wp-block-dicomsupport-dcm\">\n    <!-- Main container div -->\n    <div id=\"dwv-69df234f8fd6f\" class=\"dwv\" >\n      <!-- Toolbar -->\n      <div id=\"toolbar-69df234f8fd6f\" class=\"toolbar\"><\/div>\n      <!-- Layer Container -->\n      <div id=\"layerGroup-69df234f8fd6f\" class=\"layerGroup\">\n      <\/div>\n    <\/div><!-- \/dwv -->\n    <\/div>\n<\/div>\n<\/div>\n","protected":false},"excerpt":{"rendered":"<p>Advertencia: debido a que el TC o RM se procesan en el dispositivo desde el que est\u00e1 visualizando esta web, dependiendo de \u00e9ste la carga inicial puede demorarse de unos segundos a alg\u00fan minuto. Sagital T2 Sagital STIR Sagital T1 Axial T2<\/p>\n","protected":false},"author":1,"featured_media":0,"parent":0,"menu_order":0,"comment_status":"closed","ping_status":"closed","template":"","meta":{"footnotes":""},"_links":{"self":[{"href":"https:\/\/arquim3dx.com\/index.php\/wp-json\/wp\/v2\/pages\/647"}],"collection":[{"href":"https:\/\/arquim3dx.com\/index.php\/wp-json\/wp\/v2\/pages"}],"about":[{"href":"https:\/\/arquim3dx.com\/index.php\/wp-json\/wp\/v2\/types\/page"}],"author":[{"embeddable":true,"href":"https:\/\/arquim3dx.com\/index.php\/wp-json\/wp\/v2\/users\/1"}],"replies":[{"embeddable":true,"href":"https:\/\/arquim3dx.com\/index.php\/wp-json\/wp\/v2\/comments?post=647"}],"version-history":[{"count":47,"href":"https:\/\/arquim3dx.com\/index.php\/wp-json\/wp\/v2\/pages\/647\/revisions"}],"predecessor-version":[{"id":3131,"href":"https:\/\/arquim3dx.com\/index.php\/wp-json\/wp\/v2\/pages\/647\/revisions\/3131"}],"wp:attachment":[{"href":"https:\/\/arquim3dx.com\/index.php\/wp-json\/wp\/v2\/media?parent=647"}],"curies":[{"name":"wp","href":"https:\/\/api.w.org\/{rel}","templated":true}]}}