{"id":623,"date":"2023-08-26T21:56:38","date_gmt":"2023-08-26T19:56:38","guid":{"rendered":"https:\/\/arquim3dx.com\/?page_id=623"},"modified":"2023-09-02T19:43:23","modified_gmt":"2023-09-02T17:43:23","slug":"visor-dicom","status":"publish","type":"page","link":"https:\/\/arquim3dx.com\/index.php\/visor-dicom\/","title":{"rendered":"Visor de im\u00e1genes DICOM"},"content":{"rendered":"\t\t<div data-elementor-type=\"wp-page\" data-elementor-id=\"623\" class=\"elementor elementor-623\">\n\t\t\t\t<div class=\"elementor-element elementor-element-5d7a6d0 e-flex e-con-boxed e-con e-parent\" data-id=\"5d7a6d0\" data-element_type=\"container\">\n\t\t\t\t\t<div class=\"e-con-inner\">\n\t\t\t\t<div class=\"elementor-element elementor-element-f789edf elementor-widget elementor-widget-text-editor\" data-id=\"f789edf\" data-element_type=\"widget\" data-widget_type=\"text-editor.default\">\n\t\t\t\t<div class=\"elementor-widget-container\">\n\t\t\t\t\t\t\t\t\t<p>Aqu\u00ed encontrar\u00e1s estudios de imagen de inter\u00e9s cl\u00ednico que utilizamos en nuestros cursos y proyectos de formaci\u00f3n. Haz clic en el caso y el visor se abrir\u00e1 en una pesta\u00f1a nueva en la que podr\u00e1s desplazarte por las im\u00e1genes, modificar la ventana radiol\u00f3gica y hacer zoom para profundizar en tu conocimiento radiol\u00f3gico.<\/p><p>Este es solo un peque\u00f1o bot\u00f3n de muestra, contamos con cientos de estudios de imagen. Si tienes inter\u00e9s en alguna patolog\u00eda en particular, \u00a1no dudes en contactar con nosotros!<\/p>\t\t\t\t\t\t\t\t<\/div>\n\t\t\t\t<\/div>\n\t\t\t\t\t<\/div>\n\t\t\t\t<\/div>\n\t\t<div class=\"elementor-element elementor-element-70f57ec e-grid e-con-boxed e-con e-parent\" data-id=\"70f57ec\" data-element_type=\"container\">\n\t\t\t\t\t<div class=\"e-con-inner\">\n\t\t\t\t<div class=\"elementor-element elementor-element-ac5a9f6 elementor-widget elementor-widget-image\" data-id=\"ac5a9f6\" data-element_type=\"widget\" data-widget_type=\"image.default\">\n\t\t\t\t<div class=\"elementor-widget-container\">\n\t\t\t\t\t\t\t\t\t\t\t\t<figure class=\"wp-caption\">\n\t\t\t\t\t\t\t\t\t\t\t<a href=\"https:\/\/arquim3dx.com\/index.php\/caso-1\/\">\n\t\t\t\t\t\t\t<img fetchpriority=\"high\" decoding=\"async\" width=\"403\" height=\"403\" src=\"https:\/\/arquim3dx.com\/wp-content\/uploads\/2023\/08\/caso-1-e1693241304446.png\" class=\"attachment-large size-large wp-image-1708\" alt=\"\" srcset=\"https:\/\/arquim3dx.com\/wp-content\/uploads\/2023\/08\/caso-1-e1693241304446.png 403w, https:\/\/arquim3dx.com\/wp-content\/uploads\/2023\/08\/caso-1-e1693241304446-300x300.png 300w, https:\/\/arquim3dx.com\/wp-content\/uploads\/2023\/08\/caso-1-e1693241304446-150x150.png 150w\" sizes=\"100vw\" \/>\t\t\t\t\t\t\t\t<\/a>\n\t\t\t\t\t\t\t\t\t\t\t<figcaption class=\"widget-image-caption wp-caption-text\">Hernia extruida L4-L5<\/figcaption>\n\t\t\t\t\t\t\t\t\t\t<\/figure>\n\t\t\t\t\t\t\t\t\t<\/div>\n\t\t\t\t<\/div>\n\t\t\t\t<div class=\"elementor-element elementor-element-48df041 elementor-widget elementor-widget-image\" data-id=\"48df041\" data-element_type=\"widget\" data-widget_type=\"image.default\">\n\t\t\t\t<div class=\"elementor-widget-container\">\n\t\t\t\t\t\t\t\t\t\t\t\t<figure class=\"wp-caption\">\n\t\t\t\t\t\t\t\t\t\t\t<a href=\"https:\/\/arquim3dx.com\/index.php\/caso-2\/\">\n\t\t\t\t\t\t\t<img decoding=\"async\" width=\"403\" height=\"403\" src=\"https:\/\/arquim3dx.com\/wp-content\/uploads\/2023\/08\/caso-2-e1693244299880.png\" class=\"attachment-large size-large wp-image-1878\" alt=\"\" srcset=\"https:\/\/arquim3dx.com\/wp-content\/uploads\/2023\/08\/caso-2-e1693244299880.png 403w, https:\/\/arquim3dx.com\/wp-content\/uploads\/2023\/08\/caso-2-e1693244299880-300x300.png 300w, https:\/\/arquim3dx.com\/wp-content\/uploads\/2023\/08\/caso-2-e1693244299880-150x150.png 150w\" sizes=\"100vw\" \/>\t\t\t\t\t\t\t\t<\/a>\n\t\t\t\t\t\t\t\t\t\t\t<figcaption class=\"widget-image-caption wp-caption-text\">Rotura en asa de cubo MI<\/figcaption>\n\t\t\t\t\t\t\t\t\t\t<\/figure>\n\t\t\t\t\t\t\t\t\t<\/div>\n\t\t\t\t<\/div>\n\t\t\t\t<div class=\"elementor-element elementor-element-7a1214b elementor-widget elementor-widget-image\" data-id=\"7a1214b\" data-element_type=\"widget\" data-widget_type=\"image.default\">\n\t\t\t\t<div class=\"elementor-widget-container\">\n\t\t\t\t\t\t\t\t\t\t\t\t<figure class=\"wp-caption\">\n\t\t\t\t\t\t\t\t\t\t\t<a href=\"https:\/\/arquim3dx.com\/index.php\/caso-3\/\">\n\t\t\t\t\t\t\t<img decoding=\"async\" width=\"642\" height=\"642\" src=\"https:\/\/arquim3dx.com\/wp-content\/uploads\/2023\/09\/tac3-e1693670109746.png\" class=\"attachment-large size-large wp-image-1931\" alt=\"\" srcset=\"https:\/\/arquim3dx.com\/wp-content\/uploads\/2023\/09\/tac3-e1693670109746.png 642w, https:\/\/arquim3dx.com\/wp-content\/uploads\/2023\/09\/tac3-e1693670109746-300x300.png 300w, https:\/\/arquim3dx.com\/wp-content\/uploads\/2023\/09\/tac3-e1693670109746-150x150.png 150w\" sizes=\"100vw\" \/>\t\t\t\t\t\t\t\t<\/a>\n\t\t\t\t\t\t\t\t\t\t\t<figcaption class=\"widget-image-caption wp-caption-text\">Displasia fibrosa<\/figcaption>\n\t\t\t\t\t\t\t\t\t\t<\/figure>\n\t\t\t\t\t\t\t\t\t<\/div>\n\t\t\t\t<\/div>\n\t\t\t\t\t<\/div>\n\t\t\t\t<\/div>\n\t\t<div class=\"elementor-element elementor-element-aaa87be e-grid e-con-boxed e-con e-parent\" data-id=\"aaa87be\" data-element_type=\"container\">\n\t\t\t\t\t<div class=\"e-con-inner\">\n\t\t\t\t<div class=\"elementor-element elementor-element-01190ae elementor-widget elementor-widget-image\" data-id=\"01190ae\" data-element_type=\"widget\" data-widget_type=\"image.default\">\n\t\t\t\t<div class=\"elementor-widget-container\">\n\t\t\t\t\t\t\t\t\t\t\t\t<figure class=\"wp-caption\">\n\t\t\t\t\t\t\t\t\t\t\t<a href=\"https:\/\/arquim3dx.com\/index.php\/caso-4\/\">\n\t\t\t\t\t\t\t<img loading=\"lazy\" decoding=\"async\" width=\"541\" height=\"541\" src=\"https:\/\/arquim3dx.com\/wp-content\/uploads\/2023\/09\/dicom4-1-e1693670823839.png\" class=\"attachment-large size-large wp-image-2291\" alt=\"\" srcset=\"https:\/\/arquim3dx.com\/wp-content\/uploads\/2023\/09\/dicom4-1-e1693670823839.png 541w, https:\/\/arquim3dx.com\/wp-content\/uploads\/2023\/09\/dicom4-1-e1693670823839-300x300.png 300w, https:\/\/arquim3dx.com\/wp-content\/uploads\/2023\/09\/dicom4-1-e1693670823839-150x150.png 150w\" sizes=\"100vw\" \/>\t\t\t\t\t\t\t\t<\/a>\n\t\t\t\t\t\t\t\t\t\t\t<figcaption class=\"widget-image-caption wp-caption-text\">S\u00edndrome del Cascanueces mixto<\/figcaption>\n\t\t\t\t\t\t\t\t\t\t<\/figure>\n\t\t\t\t\t\t\t\t\t<\/div>\n\t\t\t\t<\/div>\n\t\t\t\t<div class=\"elementor-element elementor-element-4c25a35 elementor-widget elementor-widget-image\" data-id=\"4c25a35\" data-element_type=\"widget\" data-widget_type=\"image.default\">\n\t\t\t\t<div class=\"elementor-widget-container\">\n\t\t\t\t\t\t\t\t\t\t\t\t<figure class=\"wp-caption\">\n\t\t\t\t\t\t\t\t\t\t\t<a href=\"https:\/\/arquim3dx.com\/index.php\/caso-5\/\">\n\t\t\t\t\t\t\t<img loading=\"lazy\" decoding=\"async\" width=\"641\" height=\"641\" src=\"https:\/\/arquim3dx.com\/wp-content\/uploads\/2023\/09\/ultimo5-1-e1693676598637.png\" class=\"attachment-large size-large wp-image-3508\" alt=\"\" srcset=\"https:\/\/arquim3dx.com\/wp-content\/uploads\/2023\/09\/ultimo5-1-e1693676598637.png 641w, https:\/\/arquim3dx.com\/wp-content\/uploads\/2023\/09\/ultimo5-1-e1693676598637-300x300.png 300w, https:\/\/arquim3dx.com\/wp-content\/uploads\/2023\/09\/ultimo5-1-e1693676598637-150x150.png 150w\" sizes=\"100vw\" \/>\t\t\t\t\t\t\t\t<\/a>\n\t\t\t\t\t\t\t\t\t\t\t<figcaption class=\"widget-image-caption wp-caption-text\">Embolizaci\u00f3n portal<\/figcaption>\n\t\t\t\t\t\t\t\t\t\t<\/figure>\n\t\t\t\t\t\t\t\t\t<\/div>\n\t\t\t\t<\/div>\n\t\t\t\t<div class=\"elementor-element elementor-element-b93f138 elementor-widget elementor-widget-image\" data-id=\"b93f138\" data-element_type=\"widget\" data-widget_type=\"image.default\">\n\t\t\t\t<div class=\"elementor-widget-container\">\n\t\t\t\t\t\t\t\t\t\t\t\t<figure class=\"wp-caption\">\n\t\t\t\t\t\t\t\t\t\t\t<a href=\"https:\/\/arquim3dx.com\/index.php\/caso-6\/\">\n\t\t\t\t\t\t\t<img loading=\"lazy\" decoding=\"async\" width=\"642\" height=\"642\" src=\"https:\/\/arquim3dx.com\/wp-content\/uploads\/2023\/09\/tac6-e1693672813298.png\" class=\"attachment-large size-large wp-image-2735\" alt=\"\" srcset=\"https:\/\/arquim3dx.com\/wp-content\/uploads\/2023\/09\/tac6-e1693672813298.png 642w, https:\/\/arquim3dx.com\/wp-content\/uploads\/2023\/09\/tac6-e1693672813298-300x300.png 300w, https:\/\/arquim3dx.com\/wp-content\/uploads\/2023\/09\/tac6-e1693672813298-150x150.png 150w\" sizes=\"100vw\" \/>\t\t\t\t\t\t\t\t<\/a>\n\t\t\t\t\t\t\t\t\t\t\t<figcaption class=\"widget-image-caption wp-caption-text\">Silicosis con pseudomasa<\/figcaption>\n\t\t\t\t\t\t\t\t\t\t<\/figure>\n\t\t\t\t\t\t\t\t\t<\/div>\n\t\t\t\t<\/div>\n\t\t\t\t\t<\/div>\n\t\t\t\t<\/div>\n\t\t\t\t<\/div>\n\t\t","protected":false},"excerpt":{"rendered":"<p>Aqu\u00ed encontrar\u00e1s estudios de imagen de inter\u00e9s cl\u00ednico que utilizamos en nuestros cursos y proyectos de formaci\u00f3n. Haz clic en el caso y el visor se abrir\u00e1 en una pesta\u00f1a nueva en la que podr\u00e1s desplazarte por las im\u00e1genes, modificar la ventana radiol\u00f3gica y hacer zoom para profundizar en tu conocimiento radiol\u00f3gico. Este es solo &hellip; <\/p>\n<p class=\"link-more\"><a href=\"https:\/\/arquim3dx.com\/index.php\/visor-dicom\/\" class=\"more-link\">Read more<span class=\"screen-reader-text\"> &#8220;Visor de im\u00e1genes DICOM&#8221;<\/span><\/a><\/p>\n","protected":false},"author":1,"featured_media":0,"parent":0,"menu_order":0,"comment_status":"closed","ping_status":"closed","template":"","meta":{"footnotes":""},"_links":{"self":[{"href":"https:\/\/arquim3dx.com\/index.php\/wp-json\/wp\/v2\/pages\/623"}],"collection":[{"href":"https:\/\/arquim3dx.com\/index.php\/wp-json\/wp\/v2\/pages"}],"about":[{"href":"https:\/\/arquim3dx.com\/index.php\/wp-json\/wp\/v2\/types\/page"}],"author":[{"embeddable":true,"href":"https:\/\/arquim3dx.com\/index.php\/wp-json\/wp\/v2\/users\/1"}],"replies":[{"embeddable":true,"href":"https:\/\/arquim3dx.com\/index.php\/wp-json\/wp\/v2\/comments?post=623"}],"version-history":[{"count":44,"href":"https:\/\/arquim3dx.com\/index.php\/wp-json\/wp\/v2\/pages\/623\/revisions"}],"predecessor-version":[{"id":3511,"href":"https:\/\/arquim3dx.com\/index.php\/wp-json\/wp\/v2\/pages\/623\/revisions\/3511"}],"wp:attachment":[{"href":"https:\/\/arquim3dx.com\/index.php\/wp-json\/wp\/v2\/media?parent=623"}],"curies":[{"name":"wp","href":"https:\/\/api.w.org\/{rel}","templated":true}]}}