{"id":1940,"date":"2023-09-02T17:49:26","date_gmt":"2023-09-02T15:49:26","guid":{"rendered":"https:\/\/arquim3dx.com\/?page_id=1940"},"modified":"2023-09-02T19:45:27","modified_gmt":"2023-09-02T17:45:27","slug":"caso-6","status":"publish","type":"page","link":"https:\/\/arquim3dx.com\/index.php\/caso-6\/","title":{"rendered":"Caso 6"},"content":{"rendered":"<p>Advertencia: debido a que el TAC o resonancia se procesan en el dispositivo desde el que est\u00e1 visualizando esta web, dependiendo de \u00e9ste la carga inicial puede demorarse de unos segundos a alg\u00fan minuto.<\/p>\n\n<h2 style=\"text-align: center;\">Pulm\u00f3n 1.25mm LU D<\/h2>\n\n\n<div class=\"wp-block-dicomsupport-dcm\">\n    <!-- Main container div -->\n    <div id=\"dwv-69df23aeb6dfe\" class=\"dwv\" >\n      <!-- Toolbar -->\n      <div id=\"toolbar-69df23aeb6dfe\" class=\"toolbar\"><\/div>\n      <!-- Layer Container -->\n      <div id=\"layerGroup-69df23aeb6dfe\" class=\"layerGroup\">\n      <\/div>\n    <\/div><!-- \/dwv -->\n    <\/div>\n","protected":false},"excerpt":{"rendered":"<p>Advertencia: debido a que el TAC o resonancia se procesan en el dispositivo desde el que est\u00e1 visualizando esta web, dependiendo de \u00e9ste la carga inicial puede demorarse de unos segundos a alg\u00fan minuto. Pulm\u00f3n 1.25mm LU D<\/p>\n","protected":false},"author":1,"featured_media":0,"parent":0,"menu_order":0,"comment_status":"closed","ping_status":"closed","template":"","meta":{"footnotes":""},"_links":{"self":[{"href":"https:\/\/arquim3dx.com\/index.php\/wp-json\/wp\/v2\/pages\/1940"}],"collection":[{"href":"https:\/\/arquim3dx.com\/index.php\/wp-json\/wp\/v2\/pages"}],"about":[{"href":"https:\/\/arquim3dx.com\/index.php\/wp-json\/wp\/v2\/types\/page"}],"author":[{"embeddable":true,"href":"https:\/\/arquim3dx.com\/index.php\/wp-json\/wp\/v2\/users\/1"}],"replies":[{"embeddable":true,"href":"https:\/\/arquim3dx.com\/index.php\/wp-json\/wp\/v2\/comments?post=1940"}],"version-history":[{"count":3,"href":"https:\/\/arquim3dx.com\/index.php\/wp-json\/wp\/v2\/pages\/1940\/revisions"}],"predecessor-version":[{"id":3512,"href":"https:\/\/arquim3dx.com\/index.php\/wp-json\/wp\/v2\/pages\/1940\/revisions\/3512"}],"wp:attachment":[{"href":"https:\/\/arquim3dx.com\/index.php\/wp-json\/wp\/v2\/media?parent=1940"}],"curies":[{"name":"wp","href":"https:\/\/api.w.org\/{rel}","templated":true}]}}