{"id":1938,"date":"2023-09-02T17:48:50","date_gmt":"2023-09-02T15:48:50","guid":{"rendered":"https:\/\/arquim3dx.com\/?page_id=1938"},"modified":"2023-09-02T19:41:35","modified_gmt":"2023-09-02T17:41:35","slug":"caso-5","status":"publish","type":"page","link":"https:\/\/arquim3dx.com\/index.php\/caso-5\/","title":{"rendered":"Caso 5"},"content":{"rendered":"<p>Advertencia: debido a que el TC o RM se procesan en el dispositivo desde el que est\u00e1 visualizando esta web, dependiendo de \u00e9ste la carga inicial puede demorarse de unos segundos a alg\u00fan minuto.<\/p>\n\n\n<div class=\"wp-block-columns is-layout-flex wp-container-2 wp-block-columns-is-layout-flex\">\n<div class=\"wp-block-column is-layout-flow wp-block-column-is-layout-flow\">\n<h2 style=\"text-align: center;\">TC de abdomen y pelvis con contraste intravenoso en fase portal<\/h2>\n<\/div>\n<\/div>\n\n\n\n<div class=\"wp-block-dicomsupport-dcm\">\n    <!-- Main container div -->\n    <div id=\"dwv-69df2353c49eb\" class=\"dwv\" >\n      <!-- Toolbar -->\n      <div id=\"toolbar-69df2353c49eb\" class=\"toolbar\"><\/div>\n      <!-- Layer Container -->\n      <div id=\"layerGroup-69df2353c49eb\" class=\"layerGroup\">\n      <\/div>\n    <\/div><!-- \/dwv -->\n    <\/div>\n","protected":false},"excerpt":{"rendered":"<p>Advertencia: debido a que el TC o RM se procesan en el dispositivo desde el que est\u00e1 visualizando esta web, dependiendo de \u00e9ste la carga inicial puede demorarse de unos segundos a alg\u00fan minuto.<\/p>\n","protected":false},"author":1,"featured_media":0,"parent":0,"menu_order":0,"comment_status":"closed","ping_status":"closed","template":"","meta":{"footnotes":""},"_links":{"self":[{"href":"https:\/\/arquim3dx.com\/index.php\/wp-json\/wp\/v2\/pages\/1938"}],"collection":[{"href":"https:\/\/arquim3dx.com\/index.php\/wp-json\/wp\/v2\/pages"}],"about":[{"href":"https:\/\/arquim3dx.com\/index.php\/wp-json\/wp\/v2\/types\/page"}],"author":[{"embeddable":true,"href":"https:\/\/arquim3dx.com\/index.php\/wp-json\/wp\/v2\/users\/1"}],"replies":[{"embeddable":true,"href":"https:\/\/arquim3dx.com\/index.php\/wp-json\/wp\/v2\/comments?post=1938"}],"version-history":[{"count":5,"href":"https:\/\/arquim3dx.com\/index.php\/wp-json\/wp\/v2\/pages\/1938\/revisions"}],"predecessor-version":[{"id":3506,"href":"https:\/\/arquim3dx.com\/index.php\/wp-json\/wp\/v2\/pages\/1938\/revisions\/3506"}],"wp:attachment":[{"href":"https:\/\/arquim3dx.com\/index.php\/wp-json\/wp\/v2\/media?parent=1938"}],"curies":[{"name":"wp","href":"https:\/\/api.w.org\/{rel}","templated":true}]}}