{"id":1898,"date":"2023-09-02T17:31:34","date_gmt":"2023-09-02T15:31:34","guid":{"rendered":"https:\/\/arquim3dx.com\/?page_id=1898"},"modified":"2023-09-02T19:32:36","modified_gmt":"2023-09-02T17:32:36","slug":"caso-3","status":"publish","type":"page","link":"https:\/\/arquim3dx.com\/index.php\/caso-3\/","title":{"rendered":"Caso 3"},"content":{"rendered":"<p>Advertencia: debido a que el TC o RM se procesan en el dispositivo desde el que est\u00e1 visualizando esta web, dependiendo de \u00e9ste la carga inicial puede demorarse de unos segundos a alg\u00fan minuto.<\/p>\n\n<h2 style=\"text-align: center;\">Axial T1 con contraste<\/h2>\n\n\n<div class=\"wp-block-dicomsupport-dcm\">\n    <!-- Main container div -->\n    <div id=\"dwv-69df235477f12\" class=\"dwv\" >\n      <!-- Toolbar -->\n      <div id=\"toolbar-69df235477f12\" class=\"toolbar\"><\/div>\n      <!-- Layer Container -->\n      <div id=\"layerGroup-69df235477f12\" class=\"layerGroup\">\n      <\/div>\n    <\/div><!-- \/dwv -->\n    <\/div>\n","protected":false},"excerpt":{"rendered":"<p>Advertencia: debido a que el TC o RM se procesan en el dispositivo desde el que est\u00e1 visualizando esta web, dependiendo de \u00e9ste la carga inicial puede demorarse de unos segundos a alg\u00fan minuto. Axial T1 con contraste<\/p>\n","protected":false},"author":1,"featured_media":0,"parent":0,"menu_order":0,"comment_status":"closed","ping_status":"closed","template":"","meta":{"footnotes":""},"_links":{"self":[{"href":"https:\/\/arquim3dx.com\/index.php\/wp-json\/wp\/v2\/pages\/1898"}],"collection":[{"href":"https:\/\/arquim3dx.com\/index.php\/wp-json\/wp\/v2\/pages"}],"about":[{"href":"https:\/\/arquim3dx.com\/index.php\/wp-json\/wp\/v2\/types\/page"}],"author":[{"embeddable":true,"href":"https:\/\/arquim3dx.com\/index.php\/wp-json\/wp\/v2\/users\/1"}],"replies":[{"embeddable":true,"href":"https:\/\/arquim3dx.com\/index.php\/wp-json\/wp\/v2\/comments?post=1898"}],"version-history":[{"count":7,"href":"https:\/\/arquim3dx.com\/index.php\/wp-json\/wp\/v2\/pages\/1898\/revisions"}],"predecessor-version":[{"id":3132,"href":"https:\/\/arquim3dx.com\/index.php\/wp-json\/wp\/v2\/pages\/1898\/revisions\/3132"}],"wp:attachment":[{"href":"https:\/\/arquim3dx.com\/index.php\/wp-json\/wp\/v2\/media?parent=1898"}],"curies":[{"name":"wp","href":"https:\/\/api.w.org\/{rel}","templated":true}]}}