{"id":140,"date":"2023-08-24T15:29:08","date_gmt":"2023-08-24T13:29:08","guid":{"rendered":"https:\/\/arquim3dx.com\/?page_id=140"},"modified":"2023-08-27T02:53:54","modified_gmt":"2023-08-27T00:53:54","slug":"ia","status":"publish","type":"page","link":"https:\/\/arquim3dx.com\/index.php\/ia\/","title":{"rendered":"Inteligencia Artificial"},"content":{"rendered":"\t\t<div data-elementor-type=\"wp-page\" data-elementor-id=\"140\" class=\"elementor elementor-140\">\n\t\t\t\t<div class=\"elementor-element elementor-element-6a503db e-flex e-con-boxed e-con e-parent\" data-id=\"6a503db\" data-element_type=\"container\">\n\t\t\t\t\t<div class=\"e-con-inner\">\n\t\t\t\t<div class=\"elementor-element elementor-element-4a3863e elementor-widget elementor-widget-text-editor\" data-id=\"4a3863e\" data-element_type=\"widget\" data-widget_type=\"text-editor.default\">\n\t\t\t\t<div class=\"elementor-widget-container\">\n\t\t\t\t\t\t\t\t\t<p>Nuestros radi\u00f3logos e ingenieros tienen formaci\u00f3n especializada en inteligencia artificial (IA) aplicada al diagn\u00f3stico y an\u00e1lisis de im\u00e1genes m\u00e9dicas. Adem\u00e1s contamos con colaboradores expertos del departamento de Ciencias de la Computaci\u00f3n e IA de la Universidad de Granada, con los que estamos desarrollando diversos proyectos de investigaci\u00f3n. Nuestras \u00e1reas de conocimiento incluyen el uso de redes neuronales convolucionales y radi\u00f3mica.<\/p><p><strong>\u00a1Cu\u00e9ntanos tu proyecto!<\/strong><\/p>\t\t\t\t\t\t\t\t<\/div>\n\t\t\t\t<\/div>\n\t\t\t\t\t<\/div>\n\t\t\t\t<\/div>\n\t\t<div class=\"elementor-element elementor-element-617e5c8 e-grid e-con-boxed e-con e-parent\" data-id=\"617e5c8\" data-element_type=\"container\">\n\t\t\t\t\t<div class=\"e-con-inner\">\n\t\t\t\t<div class=\"elementor-element elementor-element-d2924a3 elementor-widget elementor-widget-image\" data-id=\"d2924a3\" data-element_type=\"widget\" data-widget_type=\"image.default\">\n\t\t\t\t<div class=\"elementor-widget-container\">\n\t\t\t\t\t\t\t\t\t\t\t\t\t\t\t<img fetchpriority=\"high\" decoding=\"async\" width=\"600\" height=\"600\" src=\"https:\/\/arquim3dx.com\/wp-content\/uploads\/2023\/08\/ia-3-mj.png\" class=\"attachment-large size-large wp-image-1410\" alt=\"\" srcset=\"https:\/\/arquim3dx.com\/wp-content\/uploads\/2023\/08\/ia-3-mj.png 600w, https:\/\/arquim3dx.com\/wp-content\/uploads\/2023\/08\/ia-3-mj-300x300.png 300w, https:\/\/arquim3dx.com\/wp-content\/uploads\/2023\/08\/ia-3-mj-150x150.png 150w\" sizes=\"100vw\" \/>\t\t\t\t\t\t\t\t\t\t\t\t\t\t\t<\/div>\n\t\t\t\t<\/div>\n\t\t\t\t<div class=\"elementor-element elementor-element-ecf9dfa elementor-widget elementor-widget-image\" data-id=\"ecf9dfa\" data-element_type=\"widget\" data-widget_type=\"image.default\">\n\t\t\t\t<div class=\"elementor-widget-container\">\n\t\t\t\t\t\t\t\t\t\t\t\t\t\t\t<img decoding=\"async\" width=\"600\" height=\"600\" src=\"https:\/\/arquim3dx.com\/wp-content\/uploads\/2023\/08\/IA-en-radiologia-MJ-1.png\" class=\"attachment-full size-full wp-image-1398\" alt=\"\" srcset=\"https:\/\/arquim3dx.com\/wp-content\/uploads\/2023\/08\/IA-en-radiologia-MJ-1.png 600w, https:\/\/arquim3dx.com\/wp-content\/uploads\/2023\/08\/IA-en-radiologia-MJ-1-300x300.png 300w, https:\/\/arquim3dx.com\/wp-content\/uploads\/2023\/08\/IA-en-radiologia-MJ-1-150x150.png 150w\" sizes=\"100vw\" \/>\t\t\t\t\t\t\t\t\t\t\t\t\t\t\t<\/div>\n\t\t\t\t<\/div>\n\t\t\t\t<div class=\"elementor-element elementor-element-9eda4c1 elementor-widget elementor-widget-image\" data-id=\"9eda4c1\" data-element_type=\"widget\" data-widget_type=\"image.default\">\n\t\t\t\t<div class=\"elementor-widget-container\">\n\t\t\t\t\t\t\t\t\t\t\t\t\t\t\t<img decoding=\"async\" width=\"600\" height=\"600\" src=\"https:\/\/arquim3dx.com\/wp-content\/uploads\/2023\/08\/Sara-rx-2.png\" class=\"attachment-full size-full wp-image-1405\" alt=\"\" srcset=\"https:\/\/arquim3dx.com\/wp-content\/uploads\/2023\/08\/Sara-rx-2.png 600w, https:\/\/arquim3dx.com\/wp-content\/uploads\/2023\/08\/Sara-rx-2-300x300.png 300w, https:\/\/arquim3dx.com\/wp-content\/uploads\/2023\/08\/Sara-rx-2-150x150.png 150w\" sizes=\"100vw\" \/>\t\t\t\t\t\t\t\t\t\t\t\t\t\t\t<\/div>\n\t\t\t\t<\/div>\n\t\t\t\t\t<\/div>\n\t\t\t\t<\/div>\n\t\t\t\t<\/div>\n\t\t","protected":false},"excerpt":{"rendered":"<p>Nuestros radi\u00f3logos e ingenieros tienen formaci\u00f3n especializada en inteligencia artificial (IA) aplicada al diagn\u00f3stico y an\u00e1lisis de im\u00e1genes m\u00e9dicas. Adem\u00e1s contamos con colaboradores expertos del departamento de Ciencias de la Computaci\u00f3n e IA de la Universidad de Granada, con los que estamos desarrollando diversos proyectos de investigaci\u00f3n. Nuestras \u00e1reas de conocimiento incluyen el uso de &hellip; <\/p>\n<p class=\"link-more\"><a href=\"https:\/\/arquim3dx.com\/index.php\/ia\/\" class=\"more-link\">Read more<span class=\"screen-reader-text\"> &#8220;Inteligencia Artificial&#8221;<\/span><\/a><\/p>\n","protected":false},"author":1,"featured_media":0,"parent":0,"menu_order":0,"comment_status":"closed","ping_status":"closed","template":"","meta":{"footnotes":""},"_links":{"self":[{"href":"https:\/\/arquim3dx.com\/index.php\/wp-json\/wp\/v2\/pages\/140"}],"collection":[{"href":"https:\/\/arquim3dx.com\/index.php\/wp-json\/wp\/v2\/pages"}],"about":[{"href":"https:\/\/arquim3dx.com\/index.php\/wp-json\/wp\/v2\/types\/page"}],"author":[{"embeddable":true,"href":"https:\/\/arquim3dx.com\/index.php\/wp-json\/wp\/v2\/users\/1"}],"replies":[{"embeddable":true,"href":"https:\/\/arquim3dx.com\/index.php\/wp-json\/wp\/v2\/comments?post=140"}],"version-history":[{"count":4,"href":"https:\/\/arquim3dx.com\/index.php\/wp-json\/wp\/v2\/pages\/140\/revisions"}],"predecessor-version":[{"id":1417,"href":"https:\/\/arquim3dx.com\/index.php\/wp-json\/wp\/v2\/pages\/140\/revisions\/1417"}],"wp:attachment":[{"href":"https:\/\/arquim3dx.com\/index.php\/wp-json\/wp\/v2\/media?parent=140"}],"curies":[{"name":"wp","href":"https:\/\/api.w.org\/{rel}","templated":true}]}}