{"id":139,"date":"2023-08-24T15:29:08","date_gmt":"2023-08-24T13:29:08","guid":{"rendered":"https:\/\/arquim3dx.com\/?page_id=139"},"modified":"2023-08-27T03:23:50","modified_gmt":"2023-08-27T01:23:50","slug":"interconsulta-radiologica","status":"publish","type":"page","link":"https:\/\/arquim3dx.com\/index.php\/interconsulta-radiologica\/","title":{"rendered":"Interconsulta radiol\u00f3gica"},"content":{"rendered":"\t\t<div data-elementor-type=\"wp-page\" data-elementor-id=\"139\" class=\"elementor elementor-139\">\n\t\t\t\t<div class=\"elementor-element elementor-element-b2d2566 e-flex e-con-boxed e-con e-parent\" data-id=\"b2d2566\" data-element_type=\"container\">\n\t\t\t\t\t<div class=\"e-con-inner\">\n\t\t\t\t<div class=\"elementor-element elementor-element-8881a87 elementor-widget elementor-widget-text-editor\" data-id=\"8881a87\" data-element_type=\"widget\" data-widget_type=\"text-editor.default\">\n\t\t\t\t<div class=\"elementor-widget-container\">\n\t\t\t\t\t\t\t\t\t<p>Nuestros radi\u00f3logos ofrecen servicios de interconsulta de pruebas de imagen. Al tratarse de un servicio m\u00e9dico, es preceptivo contactar con nosotros especificando el motivo de consulta para contactar con el radi\u00f3logo con mayor nivel de superespecializaci\u00f3n en el \u00e1rea espec\u00edfica.&nbsp;<\/p><p>Aseguramos un tratamiento confidencial y la m\u00e1xima seguridad en el tratamiento de los datos e im\u00e1genes. \u00a1No dudes en contactar con nosotros!<\/p>\t\t\t\t\t\t\t\t<\/div>\n\t\t\t\t<\/div>\n\t\t\t\t\t<\/div>\n\t\t\t\t<\/div>\n\t\t\t\t<\/div>\n\t\t","protected":false},"excerpt":{"rendered":"<p>Nuestros radi\u00f3logos ofrecen servicios de interconsulta de pruebas de imagen. Al tratarse de un servicio m\u00e9dico, es preceptivo contactar con nosotros especificando el motivo de consulta para contactar con el radi\u00f3logo con mayor nivel de superespecializaci\u00f3n en el \u00e1rea espec\u00edfica.&nbsp; Aseguramos un tratamiento confidencial y la m\u00e1xima seguridad en el tratamiento de los datos e &hellip; <\/p>\n<p class=\"link-more\"><a href=\"https:\/\/arquim3dx.com\/index.php\/interconsulta-radiologica\/\" class=\"more-link\">Read more<span class=\"screen-reader-text\"> &#8220;Interconsulta radiol\u00f3gica&#8221;<\/span><\/a><\/p>\n","protected":false},"author":1,"featured_media":0,"parent":0,"menu_order":0,"comment_status":"closed","ping_status":"closed","template":"","meta":{"footnotes":""},"_links":{"self":[{"href":"https:\/\/arquim3dx.com\/index.php\/wp-json\/wp\/v2\/pages\/139"}],"collection":[{"href":"https:\/\/arquim3dx.com\/index.php\/wp-json\/wp\/v2\/pages"}],"about":[{"href":"https:\/\/arquim3dx.com\/index.php\/wp-json\/wp\/v2\/types\/page"}],"author":[{"embeddable":true,"href":"https:\/\/arquim3dx.com\/index.php\/wp-json\/wp\/v2\/users\/1"}],"replies":[{"embeddable":true,"href":"https:\/\/arquim3dx.com\/index.php\/wp-json\/wp\/v2\/comments?post=139"}],"version-history":[{"count":4,"href":"https:\/\/arquim3dx.com\/index.php\/wp-json\/wp\/v2\/pages\/139\/revisions"}],"predecessor-version":[{"id":1435,"href":"https:\/\/arquim3dx.com\/index.php\/wp-json\/wp\/v2\/pages\/139\/revisions\/1435"}],"wp:attachment":[{"href":"https:\/\/arquim3dx.com\/index.php\/wp-json\/wp\/v2\/media?parent=139"}],"curies":[{"name":"wp","href":"https:\/\/api.w.org\/{rel}","templated":true}]}}