{"id":138,"date":"2023-08-24T15:29:08","date_gmt":"2023-08-24T13:29:08","guid":{"rendered":"https:\/\/arquim3dx.com\/?page_id=138"},"modified":"2023-08-27T03:21:50","modified_gmt":"2023-08-27T01:21:50","slug":"postprocesado-avanzado","status":"publish","type":"page","link":"https:\/\/arquim3dx.com\/index.php\/postprocesado-avanzado\/","title":{"rendered":"Procesamiento avanzado de imagen"},"content":{"rendered":"\t\t<div data-elementor-type=\"wp-page\" data-elementor-id=\"138\" class=\"elementor elementor-138\">\n\t\t\t\t<div class=\"elementor-element elementor-element-2212356 e-flex e-con-boxed e-con e-parent\" data-id=\"2212356\" data-element_type=\"container\">\n\t\t\t\t\t<div class=\"e-con-inner\">\n\t\t\t\t<div class=\"elementor-element elementor-element-09eb063 elementor-widget elementor-widget-text-editor\" data-id=\"09eb063\" data-element_type=\"widget\" data-widget_type=\"text-editor.default\">\n\t\t\t\t<div class=\"elementor-widget-container\">\n\t\t\t\t\t\t\t\t\t<p>En ArquiM3D-X y 3D Translation SL contamos con expertos en posprocesamiento de imagen m\u00e9dica mediante software especializado y trabajamos con equipos de investigaci\u00f3n de alto nivel.<\/p><p>Ofrecemos servicios de cuantificaci\u00f3n densitom\u00e9trica en tomograf\u00eda computarizada, de intensidad de se\u00f1al en resonancia magn\u00e9tica (relaxometr\u00eda, cuantificaci\u00f3n grasa y f\u00e9rrica, etc.), segmentaci\u00f3n anat\u00f3mica y volumetr\u00eda, y an\u00e1lisis de neuroimagen con FreeSurfer y FSL. Adem\u00e1s disponemos de radi\u00f3logos con conocimiento para realizar elastograf\u00eda y estudio Doppler arterial y venoso.<\/p><p style=\"text-align: center;\"><strong>\u00a1Cu\u00e9ntanos tu proyecto!<\/strong><\/p>\t\t\t\t\t\t\t\t<\/div>\n\t\t\t\t<\/div>\n\t\t\t\t\t<\/div>\n\t\t\t\t<\/div>\n\t\t<div class=\"elementor-element elementor-element-db68709 e-grid e-con-boxed e-con e-parent\" data-id=\"db68709\" data-element_type=\"container\">\n\t\t\t\t\t<div class=\"e-con-inner\">\n\t\t\t\t<div class=\"elementor-element elementor-element-9ab153f elementor-widget elementor-widget-image\" data-id=\"9ab153f\" data-element_type=\"widget\" data-widget_type=\"image.default\">\n\t\t\t\t<div class=\"elementor-widget-container\">\n\t\t\t\t\t\t\t\t\t\t\t\t\t\t\t\t<a href=\"https:\/\/surfer.nmr.mgh.harvard.edu\/\">\n\t\t\t\t\t\t\t<img fetchpriority=\"high\" decoding=\"async\" width=\"1458\" height=\"818\" src=\"https:\/\/arquim3dx.com\/wp-content\/uploads\/2023\/08\/Freesurfer-e1693098694727.png\" class=\"attachment-full size-full wp-image-1419\" alt=\"\" srcset=\"https:\/\/arquim3dx.com\/wp-content\/uploads\/2023\/08\/Freesurfer-e1693098694727.png 1458w, https:\/\/arquim3dx.com\/wp-content\/uploads\/2023\/08\/Freesurfer-e1693098694727-300x168.png 300w, https:\/\/arquim3dx.com\/wp-content\/uploads\/2023\/08\/Freesurfer-e1693098694727-1024x575.png 1024w, https:\/\/arquim3dx.com\/wp-content\/uploads\/2023\/08\/Freesurfer-e1693098694727-768x431.png 768w, https:\/\/arquim3dx.com\/wp-content\/uploads\/2023\/08\/Freesurfer-e1693098694727-600x337.png 600w, https:\/\/arquim3dx.com\/wp-content\/uploads\/2023\/08\/Freesurfer-e1693098694727-1200x673.png 1200w\" sizes=\"100vw\" \/>\t\t\t\t\t\t\t\t<\/a>\n\t\t\t\t\t\t\t\t\t\t\t\t\t\t\t<\/div>\n\t\t\t\t<\/div>\n\t\t\t\t<div class=\"elementor-element elementor-element-5bc9492 elementor-widget elementor-widget-image\" data-id=\"5bc9492\" data-element_type=\"widget\" data-widget_type=\"image.default\">\n\t\t\t\t<div class=\"elementor-widget-container\">\n\t\t\t\t\t\t\t\t\t\t\t\t\t\t\t\t<a href=\"https:\/\/www.slicer.org\/\">\n\t\t\t\t\t\t\t<img decoding=\"async\" width=\"321\" height=\"180\" src=\"https:\/\/arquim3dx.com\/wp-content\/uploads\/2023\/08\/3D-Slicer2-e1693098943905.jpg\" class=\"attachment-full size-full wp-image-1425\" alt=\"\" srcset=\"https:\/\/arquim3dx.com\/wp-content\/uploads\/2023\/08\/3D-Slicer2-e1693098943905.jpg 321w, https:\/\/arquim3dx.com\/wp-content\/uploads\/2023\/08\/3D-Slicer2-e1693098943905-300x168.jpg 300w\" sizes=\"100vw\" \/>\t\t\t\t\t\t\t\t<\/a>\n\t\t\t\t\t\t\t\t\t\t\t\t\t\t\t<\/div>\n\t\t\t\t<\/div>\n\t\t\t\t<div class=\"elementor-element elementor-element-789aa08 elementor-widget elementor-widget-image\" data-id=\"789aa08\" data-element_type=\"widget\" data-widget_type=\"image.default\">\n\t\t\t\t<div class=\"elementor-widget-container\">\n\t\t\t\t\t\t\t\t\t\t\t\t\t\t\t\t<a href=\"https:\/\/meshmixer.com\/\">\n\t\t\t\t\t\t\t<img decoding=\"async\" width=\"750\" height=\"313\" src=\"https:\/\/arquim3dx.com\/wp-content\/uploads\/2023\/08\/Meshmixer.png\" class=\"attachment-large size-large wp-image-1426\" alt=\"\" srcset=\"https:\/\/arquim3dx.com\/wp-content\/uploads\/2023\/08\/Meshmixer.png 750w, https:\/\/arquim3dx.com\/wp-content\/uploads\/2023\/08\/Meshmixer-300x125.png 300w, https:\/\/arquim3dx.com\/wp-content\/uploads\/2023\/08\/Meshmixer-600x250.png 600w\" sizes=\"100vw\" \/>\t\t\t\t\t\t\t\t<\/a>\n\t\t\t\t\t\t\t\t\t\t\t\t\t\t\t<\/div>\n\t\t\t\t<\/div>\n\t\t\t\t\t<\/div>\n\t\t\t\t<\/div>\n\t\t\t\t<\/div>\n\t\t","protected":false},"excerpt":{"rendered":"<p>En ArquiM3D-X y 3D Translation SL contamos con expertos en posprocesamiento de imagen m\u00e9dica mediante software especializado y trabajamos con equipos de investigaci\u00f3n de alto nivel. Ofrecemos servicios de cuantificaci\u00f3n densitom\u00e9trica en tomograf\u00eda computarizada, de intensidad de se\u00f1al en resonancia magn\u00e9tica (relaxometr\u00eda, cuantificaci\u00f3n grasa y f\u00e9rrica, etc.), segmentaci\u00f3n anat\u00f3mica y volumetr\u00eda, y an\u00e1lisis de neuroimagen &hellip; <\/p>\n<p class=\"link-more\"><a href=\"https:\/\/arquim3dx.com\/index.php\/postprocesado-avanzado\/\" class=\"more-link\">Read more<span class=\"screen-reader-text\"> &#8220;Procesamiento avanzado de imagen&#8221;<\/span><\/a><\/p>\n","protected":false},"author":1,"featured_media":0,"parent":0,"menu_order":0,"comment_status":"closed","ping_status":"closed","template":"","meta":{"footnotes":""},"_links":{"self":[{"href":"https:\/\/arquim3dx.com\/index.php\/wp-json\/wp\/v2\/pages\/138"}],"collection":[{"href":"https:\/\/arquim3dx.com\/index.php\/wp-json\/wp\/v2\/pages"}],"about":[{"href":"https:\/\/arquim3dx.com\/index.php\/wp-json\/wp\/v2\/types\/page"}],"author":[{"embeddable":true,"href":"https:\/\/arquim3dx.com\/index.php\/wp-json\/wp\/v2\/users\/1"}],"replies":[{"embeddable":true,"href":"https:\/\/arquim3dx.com\/index.php\/wp-json\/wp\/v2\/comments?post=138"}],"version-history":[{"count":8,"href":"https:\/\/arquim3dx.com\/index.php\/wp-json\/wp\/v2\/pages\/138\/revisions"}],"predecessor-version":[{"id":1430,"href":"https:\/\/arquim3dx.com\/index.php\/wp-json\/wp\/v2\/pages\/138\/revisions\/1430"}],"wp:attachment":[{"href":"https:\/\/arquim3dx.com\/index.php\/wp-json\/wp\/v2\/media?parent=138"}],"curies":[{"name":"wp","href":"https:\/\/api.w.org\/{rel}","templated":true}]}}