{"id":1042,"date":"2023-08-26T23:43:21","date_gmt":"2023-08-26T21:43:21","guid":{"rendered":"https:\/\/arquim3dx.com\/?page_id=1042"},"modified":"2023-08-28T17:02:31","modified_gmt":"2023-08-28T15:02:31","slug":"visor-de-modelos-3d","status":"publish","type":"page","link":"https:\/\/arquim3dx.com\/index.php\/visor-de-modelos-3d\/","title":{"rendered":"Visor de modelos 3D"},"content":{"rendered":"\t\t<div data-elementor-type=\"wp-page\" data-elementor-id=\"1042\" class=\"elementor elementor-1042\">\n\t\t\t\t<div class=\"elementor-element elementor-element-6b7b8ac e-flex e-con-boxed e-con e-parent\" data-id=\"6b7b8ac\" data-element_type=\"container\">\n\t\t\t\t\t<div class=\"e-con-inner\">\n\t\t\t\t<div class=\"elementor-element elementor-element-671b136 elementor-widget elementor-widget-text-editor\" data-id=\"671b136\" data-element_type=\"widget\" data-widget_type=\"text-editor.default\">\n\t\t\t\t<div class=\"elementor-widget-container\">\n\t\t\t\t\t\t\t\t\t<p>Aqu\u00ed encontraras algunos modelos que hemos impreso en 3D. Haz clic en cualquiera de ellos y se abrir\u00e1 una pesta\u00f1a nueva donde podr\u00e1s visualizarlo, hacer zoom y rotarlo. Si est\u00e1s interesado en imprimir alg\u00fan modelo, <strong>\u00a1ponte en contacto con nosotros!<\/strong><\/p>\t\t\t\t\t\t\t\t<\/div>\n\t\t\t\t<\/div>\n\t\t\t\t\t<\/div>\n\t\t\t\t<\/div>\n\t\t<div class=\"elementor-element elementor-element-510c588 e-grid e-con-boxed e-con e-parent\" data-id=\"510c588\" data-element_type=\"container\">\n\t\t\t\t\t<div class=\"e-con-inner\">\n\t\t\t\t<div class=\"elementor-element elementor-element-4e5e950 elementor-widget__width-inherit elementor-widget elementor-widget-image\" data-id=\"4e5e950\" data-element_type=\"widget\" data-widget_type=\"image.default\">\n\t\t\t\t<div class=\"elementor-widget-container\">\n\t\t\t\t\t\t\t\t\t\t\t\t<figure class=\"wp-caption\">\n\t\t\t\t\t\t\t\t\t\t\t<a href=\"https:\/\/arquim3dx.com\/index.php\/stloido\/\">\n\t\t\t\t\t\t\t<img fetchpriority=\"high\" decoding=\"async\" width=\"596\" height=\"596\" src=\"https:\/\/arquim3dx.com\/wp-content\/uploads\/2023\/08\/oido-e1693093100437.png\" class=\"attachment-full size-full wp-image-1274\" alt=\"\" srcset=\"https:\/\/arquim3dx.com\/wp-content\/uploads\/2023\/08\/oido-e1693093100437.png 596w, https:\/\/arquim3dx.com\/wp-content\/uploads\/2023\/08\/oido-e1693093100437-300x300.png 300w, https:\/\/arquim3dx.com\/wp-content\/uploads\/2023\/08\/oido-e1693093100437-150x150.png 150w\" sizes=\"100vw\" \/>\t\t\t\t\t\t\t\t<\/a>\n\t\t\t\t\t\t\t\t\t\t\t<figcaption class=\"widget-image-caption wp-caption-text\">O\u00eddo interno<\/figcaption>\n\t\t\t\t\t\t\t\t\t\t<\/figure>\n\t\t\t\t\t\t\t\t\t<\/div>\n\t\t\t\t<\/div>\n\t\t\t\t<div class=\"elementor-element elementor-element-7178463 elementor-widget__width-inherit elementor-widget elementor-widget-image\" data-id=\"7178463\" data-element_type=\"widget\" data-widget_type=\"image.default\">\n\t\t\t\t<div class=\"elementor-widget-container\">\n\t\t\t\t\t\t\t\t\t\t\t\t<figure class=\"wp-caption\">\n\t\t\t\t\t\t\t\t\t\t\t<a href=\"https:\/\/arquim3dx.com\/index.php\/stl-2\/\">\n\t\t\t\t\t\t\t<img decoding=\"async\" width=\"653\" height=\"653\" src=\"https:\/\/arquim3dx.com\/wp-content\/uploads\/2023\/08\/stl2-e1693093060942.png\" class=\"attachment-full size-full wp-image-1273\" alt=\"\" srcset=\"https:\/\/arquim3dx.com\/wp-content\/uploads\/2023\/08\/stl2-e1693093060942.png 653w, https:\/\/arquim3dx.com\/wp-content\/uploads\/2023\/08\/stl2-e1693093060942-300x300.png 300w, https:\/\/arquim3dx.com\/wp-content\/uploads\/2023\/08\/stl2-e1693093060942-150x150.png 150w, https:\/\/arquim3dx.com\/wp-content\/uploads\/2023\/08\/stl2-e1693093060942-600x600.png 600w\" sizes=\"100vw\" \/>\t\t\t\t\t\t\t\t<\/a>\n\t\t\t\t\t\t\t\t\t\t\t<figcaption class=\"widget-image-caption wp-caption-text\">Modelo osteomuscular de cuerpo completo<\/figcaption>\n\t\t\t\t\t\t\t\t\t\t<\/figure>\n\t\t\t\t\t\t\t\t\t<\/div>\n\t\t\t\t<\/div>\n\t\t\t\t<div class=\"elementor-element elementor-element-7ba6b26 elementor-widget elementor-widget-image\" data-id=\"7ba6b26\" data-element_type=\"widget\" data-widget_type=\"image.default\">\n\t\t\t\t<div class=\"elementor-widget-container\">\n\t\t\t\t\t\t\t\t\t\t\t\t<figure class=\"wp-caption\">\n\t\t\t\t\t\t\t\t\t\t\t<a href=\"https:\/\/arquim3dx.com\/index.php\/stl3\/\">\n\t\t\t\t\t\t\t<img decoding=\"async\" width=\"647\" height=\"647\" src=\"https:\/\/arquim3dx.com\/wp-content\/uploads\/2023\/08\/basecraneo-e1693093021497.png\" class=\"attachment-full size-full wp-image-1272\" alt=\"\" srcset=\"https:\/\/arquim3dx.com\/wp-content\/uploads\/2023\/08\/basecraneo-e1693093021497.png 647w, https:\/\/arquim3dx.com\/wp-content\/uploads\/2023\/08\/basecraneo-e1693093021497-300x300.png 300w, https:\/\/arquim3dx.com\/wp-content\/uploads\/2023\/08\/basecraneo-e1693093021497-150x150.png 150w, https:\/\/arquim3dx.com\/wp-content\/uploads\/2023\/08\/basecraneo-e1693093021497-600x600.png 600w\" sizes=\"100vw\" \/>\t\t\t\t\t\t\t\t<\/a>\n\t\t\t\t\t\t\t\t\t\t\t<figcaption class=\"widget-image-caption wp-caption-text\">Base del cr\u00e1neo<\/figcaption>\n\t\t\t\t\t\t\t\t\t\t<\/figure>\n\t\t\t\t\t\t\t\t\t<\/div>\n\t\t\t\t<\/div>\n\t\t\t\t\t<\/div>\n\t\t\t\t<\/div>\n\t\t<div class=\"elementor-element elementor-element-2d9dcf2 e-grid e-con-boxed e-con e-parent\" data-id=\"2d9dcf2\" data-element_type=\"container\">\n\t\t\t\t\t<div class=\"e-con-inner\">\n\t\t\t\t<div class=\"elementor-element elementor-element-d5e4738 elementor-widget__width-inherit elementor-widget elementor-widget-image\" data-id=\"d5e4738\" data-element_type=\"widget\" data-widget_type=\"image.default\">\n\t\t\t\t<div class=\"elementor-widget-container\">\n\t\t\t\t\t\t\t\t\t\t\t\t<figure class=\"wp-caption\">\n\t\t\t\t\t\t\t\t\t\t\t<a href=\"https:\/\/arquim3dx.com\/index.php\/stl4\/\">\n\t\t\t\t\t\t\t<img loading=\"lazy\" decoding=\"async\" width=\"622\" height=\"622\" src=\"https:\/\/arquim3dx.com\/wp-content\/uploads\/2023\/08\/cerebro-e1693093536910.png\" class=\"attachment-full size-full wp-image-1308\" alt=\"\" srcset=\"https:\/\/arquim3dx.com\/wp-content\/uploads\/2023\/08\/cerebro-e1693093536910.png 622w, https:\/\/arquim3dx.com\/wp-content\/uploads\/2023\/08\/cerebro-e1693093536910-300x300.png 300w, https:\/\/arquim3dx.com\/wp-content\/uploads\/2023\/08\/cerebro-e1693093536910-150x150.png 150w, https:\/\/arquim3dx.com\/wp-content\/uploads\/2023\/08\/cerebro-e1693093536910-600x600.png 600w\" sizes=\"100vw\" \/>\t\t\t\t\t\t\t\t<\/a>\n\t\t\t\t\t\t\t\t\t\t\t<figcaption class=\"widget-image-caption wp-caption-text\">Cerebro, cerebelo y tronco del enc\u00e9falo<\/figcaption>\n\t\t\t\t\t\t\t\t\t\t<\/figure>\n\t\t\t\t\t\t\t\t\t<\/div>\n\t\t\t\t<\/div>\n\t\t\t\t<div class=\"elementor-element elementor-element-167f2d9 elementor-widget__width-inherit elementor-widget elementor-widget-image\" data-id=\"167f2d9\" data-element_type=\"widget\" data-widget_type=\"image.default\">\n\t\t\t\t<div class=\"elementor-widget-container\">\n\t\t\t\t\t\t\t\t\t\t\t\t<figure class=\"wp-caption\">\n\t\t\t\t\t\t\t\t\t\t\t<a href=\"https:\/\/arquim3dx.com\/index.php\/stl5\/\">\n\t\t\t\t\t\t\t<img loading=\"lazy\" decoding=\"async\" width=\"638\" height=\"638\" src=\"https:\/\/arquim3dx.com\/wp-content\/uploads\/2023\/08\/pulmonct-e1693094015247.png\" class=\"attachment-full size-full wp-image-1343\" alt=\"\" srcset=\"https:\/\/arquim3dx.com\/wp-content\/uploads\/2023\/08\/pulmonct-e1693094015247.png 638w, https:\/\/arquim3dx.com\/wp-content\/uploads\/2023\/08\/pulmonct-e1693094015247-300x300.png 300w, https:\/\/arquim3dx.com\/wp-content\/uploads\/2023\/08\/pulmonct-e1693094015247-150x150.png 150w, https:\/\/arquim3dx.com\/wp-content\/uploads\/2023\/08\/pulmonct-e1693094015247-600x600.png 600w\" sizes=\"100vw\" \/>\t\t\t\t\t\t\t\t<\/a>\n\t\t\t\t\t\t\t\t\t\t\t<figcaption class=\"widget-image-caption wp-caption-text\">Pulm\u00f3n segmentado a partir de TC<\/figcaption>\n\t\t\t\t\t\t\t\t\t\t<\/figure>\n\t\t\t\t\t\t\t\t\t<\/div>\n\t\t\t\t<\/div>\n\t\t\t\t<div class=\"elementor-element elementor-element-ea67989 elementor-widget elementor-widget-image\" data-id=\"ea67989\" data-element_type=\"widget\" data-widget_type=\"image.default\">\n\t\t\t\t<div class=\"elementor-widget-container\">\n\t\t\t\t\t\t\t\t\t\t\t\t<figure class=\"wp-caption\">\n\t\t\t\t\t\t\t\t\t\t\t<a href=\"https:\/\/arquim3dx.com\/index.php\/stl6\/\">\n\t\t\t\t\t\t\t<img loading=\"lazy\" decoding=\"async\" width=\"669\" height=\"669\" src=\"https:\/\/arquim3dx.com\/wp-content\/uploads\/2023\/08\/willis-e1693094519457.png\" class=\"attachment-full size-full wp-image-1371\" alt=\"\" srcset=\"https:\/\/arquim3dx.com\/wp-content\/uploads\/2023\/08\/willis-e1693094519457.png 669w, https:\/\/arquim3dx.com\/wp-content\/uploads\/2023\/08\/willis-e1693094519457-300x300.png 300w, https:\/\/arquim3dx.com\/wp-content\/uploads\/2023\/08\/willis-e1693094519457-150x150.png 150w, https:\/\/arquim3dx.com\/wp-content\/uploads\/2023\/08\/willis-e1693094519457-600x600.png 600w\" sizes=\"100vw\" \/>\t\t\t\t\t\t\t\t<\/a>\n\t\t\t\t\t\t\t\t\t\t\t<figcaption class=\"widget-image-caption wp-caption-text\">Pol\u00edgono de Willis segmentado por RM<\/figcaption>\n\t\t\t\t\t\t\t\t\t\t<\/figure>\n\t\t\t\t\t\t\t\t\t<\/div>\n\t\t\t\t<\/div>\n\t\t\t\t\t<\/div>\n\t\t\t\t<\/div>\n\t\t\t\t<\/div>\n\t\t","protected":false},"excerpt":{"rendered":"<p>Aqu\u00ed encontraras algunos modelos que hemos impreso en 3D. Haz clic en cualquiera de ellos y se abrir\u00e1 una pesta\u00f1a nueva donde podr\u00e1s visualizarlo, hacer zoom y rotarlo. Si est\u00e1s interesado en imprimir alg\u00fan modelo, \u00a1ponte en contacto con nosotros! O\u00eddo interno Modelo osteomuscular de cuerpo completo Base del cr\u00e1neo Cerebro, cerebelo y tronco del &hellip; <\/p>\n<p class=\"link-more\"><a href=\"https:\/\/arquim3dx.com\/index.php\/visor-de-modelos-3d\/\" class=\"more-link\">Read more<span class=\"screen-reader-text\"> &#8220;Visor de modelos 3D&#8221;<\/span><\/a><\/p>\n","protected":false},"author":1,"featured_media":0,"parent":0,"menu_order":0,"comment_status":"closed","ping_status":"closed","template":"","meta":{"footnotes":""},"_links":{"self":[{"href":"https:\/\/arquim3dx.com\/index.php\/wp-json\/wp\/v2\/pages\/1042"}],"collection":[{"href":"https:\/\/arquim3dx.com\/index.php\/wp-json\/wp\/v2\/pages"}],"about":[{"href":"https:\/\/arquim3dx.com\/index.php\/wp-json\/wp\/v2\/types\/page"}],"author":[{"embeddable":true,"href":"https:\/\/arquim3dx.com\/index.php\/wp-json\/wp\/v2\/users\/1"}],"replies":[{"embeddable":true,"href":"https:\/\/arquim3dx.com\/index.php\/wp-json\/wp\/v2\/comments?post=1042"}],"version-history":[{"count":52,"href":"https:\/\/arquim3dx.com\/index.php\/wp-json\/wp\/v2\/pages\/1042\/revisions"}],"predecessor-version":[{"id":1536,"href":"https:\/\/arquim3dx.com\/index.php\/wp-json\/wp\/v2\/pages\/1042\/revisions\/1536"}],"wp:attachment":[{"href":"https:\/\/arquim3dx.com\/index.php\/wp-json\/wp\/v2\/media?parent=1042"}],"curies":[{"name":"wp","href":"https:\/\/api.w.org\/{rel}","templated":true}]}}